{"id":31,"date":"2017-08-16T16:50:37","date_gmt":"2017-08-16T14:50:37","guid":{"rendered":"http:\/\/servcarritxo.com\/datenschutz-bestimmungen\/"},"modified":"2025-10-21T18:10:03","modified_gmt":"2025-10-21T16:10:03","slug":"datenschutz-bestimmungen","status":"publish","type":"page","link":"https:\/\/servcarritxo.com\/de\/datenschutz-bestimmungen\/","title":{"rendered":"DATENSCHUTZ BESTIMMUNGEN"},"content":{"rendered":"<div class=\"fusion-fullwidth fullwidth-box fusion-builder-row-1 nonhundred-percent-fullwidth non-hundred-percent-height-scrolling\" style=\"--awb-border-radius-top-left:0px;--awb-border-radius-top-right:0px;--awb-border-radius-bottom-right:0px;--awb-border-radius-bottom-left:0px;--awb-flex-wrap:wrap;\" ><div class=\"fusion-builder-row fusion-row\"><div class=\"fusion-layout-column fusion_builder_column fusion-builder-column-0 fusion_builder_column_1_1 1_1 fusion-one-full fusion-column-first fusion-column-last\" style=\"--awb-bg-size:cover;\"><div class=\"fusion-column-wrapper fusion-flex-column-wrapper-legacy\"><div class=\"fusion-title title fusion-title-1 fusion-title-center fusion-title-text fusion-title-size-one\"><div class=\"title-sep-container title-sep-container-left\"><div class=\"title-sep sep- sep-solid\" style=\"border-color:#e0dede;\"><\/div><\/div><span class=\"awb-title-spacer\"><\/span><h1 class=\"fusion-title-heading title-heading-center\" style=\"margin:0;\">DATENSCHUTZ BESTIMMUNGEN<\/h1><span class=\"awb-title-spacer\"><\/span><div class=\"title-sep-container title-sep-container-right\"><div class=\"title-sep sep- sep-solid\" style=\"border-color:#e0dede;\"><\/div><\/div><\/div><div class=\"fusion-sep-clear\"><\/div><div class=\"fusion-separator fusion-full-width-sep\" style=\"margin-left: auto;margin-right: auto;width:100%;\"><div class=\"fusion-separator-border sep-shadow\" style=\"--awb-height:20px;--awb-amount:20px;background:radial-gradient(ellipse at 50% -50% , #e0dede 0px, rgba(255, 255, 255, 0) 80%) repeat scroll 0 0 rgba(0, 0, 0, 0);background:-webkit-radial-gradient(ellipse at 50% -50% , #e0dede 0px, rgba(255, 255, 255, 0) 80%) repeat scroll 0 0 rgba(0, 0, 0, 0);background:-moz-radial-gradient(ellipse at 50% -50% , #e0dede 0px, rgba(255, 255, 255, 0) 80%) repeat scroll 0 0 rgba(0, 0, 0, 0);background:-o-radial-gradient(ellipse at 50% -50% , #e0dede 0px, rgba(255, 255, 255, 0) 80%) repeat scroll 0 0 rgba(0, 0, 0, 0);\"><\/div><\/div><div class=\"fusion-sep-clear\"><\/div><div class=\"fusion-text fusion-text-1\" style=\"--awb-content-alignment:justify;--awb-margin-top:30px;\"><p class=\"p1\">\n<h2>1. IDENTIFIZIERUNGSDATEN<\/h2>\n<p>&nbsp;<\/p>\n<p class=\"p3\">In \u00dcbereinstimmung mit der Datenschutz-Grundverordnung (EU) 2016\/679 des Europ\u00e4ischen Parlaments und des Rates vom 27. April 2016 sowie dem spanischen Organgesetz 3\/2018 vom 5. Dezember \u00fcber den Schutz personenbezogener Daten und die Gew\u00e4hrleistung der digitalen Rechte werden die folgenden Daten angegeben:<\/p>\n<\/p>\n<p class=\"p3\">Der Inhaber der Domain <span class=\"s2\">SERVCARRITXO.COM<\/span> ist<\/p>\n<\/p>\n<p class=\"p4\">SERVCARRITXO S.L.<span class=\"s3\">,<\/span><\/p>\n<\/p>\n<p class=\"p3\">mit der Steuernummer (CIF) <span class=\"s2\">B07960537<\/span>,<\/p>\n<\/p>\n<p class=\"p4\"><span class=\"s3\">mit Sitz in <\/span>QUINTA VUELTA, 135, E-07208 ES CARRITXO<span class=\"s3\">,<\/span><\/p>\n<\/p>\n<p class=\"p3\">E-Mail f\u00fcr Datenschutzangelegenheiten: <span class=\"s2\">LOPD@SERVCARRITXO.COM<\/span>,<\/p>\n<\/p>\n<p class=\"p3\">eingetragen im Handelsregister von Mallorca.<\/p>\n<\/p>\n<p class=\"p1\">\n<hr \/>\n<p>&nbsp;<\/p>\n<p class=\"p1\">\n<h2>2. BENUTZER<\/h2>\n<p>&nbsp;<\/p>\n<p class=\"p3\">Der Zugriff auf und\/oder die Nutzung dieser Website verleiht dem Besucher den Status eines <span class=\"s2\">BENUTZERS<\/span>, der ab diesem Moment die hier aufgef\u00fchrten <span class=\"s2\">Allgemeinen Nutzungsbedingungen<\/span> akzeptiert.<\/p>\n<\/p>\n<p class=\"p3\">Diese Bedingungen gelten unabh\u00e4ngig von etwaigen <span class=\"s2\">Allgemeinen Vertragsbedingungen<\/span>, die gegebenenfalls verbindlich sein k\u00f6nnen.<\/p>\n<\/p>\n<p class=\"p3\">F\u00fcr bestimmte Zwecke wird stets eine ausdr\u00fcckliche Zustimmung des Nutzers eingeholt.<\/p>\n<\/p>\n<p class=\"p1\">\n<hr \/>\n<p>&nbsp;<\/p>\n<p class=\"p1\">\n<h2>3. NUTZUNG DES PORTALS<\/h2>\n<p>&nbsp;<\/p>\n<p class=\"p3\">Unsere Website bietet Zugang zu Informationen, Dienstleistungen, Programmen und Daten (im Folgenden \u201eInhalte\u201c) im Internet, die <span class=\"s2\">SERVCARRITXO S.L.<\/span> oder ihren Lizenzgebern geh\u00f6ren und auf die der Benutzer zugreifen kann.<\/p>\n<\/p>\n<p class=\"p3\">Der Benutzer \u00fcbernimmt die Verantwortung f\u00fcr die ordnungsgem\u00e4\u00dfe Nutzung des Portals.<\/p>\n<\/p>\n<p class=\"p3\">Diese Verantwortung erstreckt sich auf die Registrierung, die f\u00fcr den Zugang zu bestimmten Diensten oder Inhalten erforderlich sein kann.<\/p>\n<\/p>\n<p class=\"p3\">Der Benutzer verpflichtet sich, <span class=\"s2\">wahre und rechtm\u00e4\u00dfige Informationen<\/span> anzugeben.<\/p>\n<\/p>\n<p class=\"p3\">Dem Benutzer kann ein Passwort zugewiesen werden, f\u00fcr dessen sorgf\u00e4ltige und vertrauliche Verwendung er verantwortlich ist.<\/p>\n<\/p>\n<p class=\"p3\">Der Benutzer verpflichtet sich, die angebotenen Inhalte und Dienste (z. B. Chat-Dienste, Diskussionsforen, Newsgroups) <span class=\"s2\">angemessen<\/span> zu nutzen und insbesondere Folgendes zu unterlassen:<\/p>\n<\/p>\n<p class=\"p1\">\n<ul>\n<li>\n<p class=\"p1\"><span class=\"s1\">Beteiligung an <\/span>rechtswidrigen, illegalen oder gegen die \u00f6ffentliche Ordnung versto\u00dfenden<span class=\"s1\"> Aktivit\u00e4ten.<\/span><\/p>\n<\/li>\n<li>\n<p class=\"p1\"><span class=\"s1\">Verbreitung von <\/span>rassistischen, fremdenfeindlichen, pornografisch-illegalen, terroristischen oder menschenrechtsverletzenden<span class=\"s1\"> Inhalten.<\/span><\/p>\n<\/li>\n<li>\n<p class=\"p1\">Verursachung von <span class=\"s1\">physischen oder logischen Sch\u00e4den<\/span> an den Systemen des Eigent\u00fcmers, seiner Lieferanten oder Dritter sowie die Einf\u00fchrung oder Verbreitung von Viren oder anderen sch\u00e4dlichen Programmen.<\/p>\n<\/li>\n<li>\n<p class=\"p1\">Versuch, auf E-Mail-Konten anderer Benutzer zuzugreifen und deren Nachrichten zu manipulieren.<\/p>\n<\/li>\n<\/ul>\n<p>&nbsp;<\/p>\n<p class=\"p3\">Der Eigent\u00fcmer der Website beh\u00e4lt sich das Recht vor, Kommentare oder Beitr\u00e4ge zu entfernen, die gegen die Menschenw\u00fcrde, die \u00f6ffentliche Ordnung, die Sicherheit oder die Rechte Dritter versto\u00dfen.<\/p>\n<\/p>\n<p class=\"p3\">F\u00fcr die Meinungen, die von Benutzern in Foren, Chats oder anderen Beteiligungsinstrumenten ge\u00e4u\u00dfert werden, \u00fcbernimmt der Eigent\u00fcmer keine Haftung.<\/p>\n<\/p>\n<p class=\"p1\">\n<hr \/>\n<p>&nbsp;<\/p>\n<p class=\"p1\">\n<h2>4. DATENSCHUTZ<\/h2>\n<p>&nbsp;<\/p>\n<p class=\"p3\">Die Verarbeitung personenbezogener Daten erfolgt gem\u00e4\u00df der Datenschutz-Grundverordnung (DSGVO) und der geltenden spanischen Gesetzgebung.<\/p>\n<\/p>\n<p class=\"p3\">Im Sinne gr\u00f6\u00dftm\u00f6glicher Transparenz informieren wir Sie wie folgt:<\/p>\n<\/p>\n<p class=\"p4\">Warum erheben wir Ihre Daten?<\/p>\n<\/p>\n<p class=\"p3\">SERVCARRITXO S.L. verarbeitet personenbezogene Daten zu folgenden Zwecken:<\/p>\n<\/p>\n<p class=\"p3\">Erstellung von Kostenvoranschl\u00e4gen, Vertragsabschluss und Erbringung von Dienstleistungen f\u00fcr Unternehmen oder Privatpersonen, die diese anfordern, sowie zur Beantwortung von Anfragen und f\u00fcr kommerzielle Mitteilungen \u00fcber Angebote oder Aktionen.<\/p>\n<\/p>\n<p class=\"p4\">Welche Daten erheben wir?<\/p>\n<\/p>\n<p class=\"p3\">Es werden personenbezogene Daten verarbeitet, die der eigenen Identit\u00e4t entsprechen, angemessen, relevant, aktuell, genau und wahrheitsgetreu sind.<\/p>\n<\/p>\n<p class=\"p3\">Der Benutzer ist allein verantwortlich f\u00fcr falsche, ungenaue oder veraltete Daten oder die Nutzung personenbezogener Daten Dritter ohne deren Zustimmung.<\/p>\n<\/p>\n<p class=\"p4\">Wie werden sie erhoben?<\/p>\n<\/p>\n<p class=\"p3\">\u00dcber <span class=\"s2\">Kontaktformulare<\/span> auf der Website.<\/p>\n<\/p>\n<p class=\"p3\">In diesen Formularen muss der Benutzer durch das Aktivieren des Kontrollk\u00e4stchens<\/p>\n<\/p>\n<p class=\"p3\"><i>\u201eIch habe die Datenschutzbestimmungen gelesen und akzeptiere sie\u201c<\/i><i><\/i><\/p>\n<\/p>\n<p class=\"p3\">vor dem Absenden ausdr\u00fccklich sein Einverst\u00e4ndnis erkl\u00e4ren.<\/p>\n<\/p>\n<p class=\"p3\">Ohne diese Zustimmung wird kein Versand der Daten erfolgen.<\/p>\n<\/p>\n<p class=\"p4\">Weitergabe an Dritte:<\/p>\n<\/p>\n<p class=\"p3\">Daten werden nicht an Dritte weitergegeben, es sei denn, es besteht eine gesetzliche Verpflichtung.<\/p>\n<\/p>\n<p class=\"p3\">Es sind keine \u00dcbermittlungen an Drittl\u00e4nder vorgesehen.<\/p>\n<\/p>\n<p class=\"p4\">Rechte des Betroffenen:<\/p>\n<\/p>\n<p class=\"p4\"><span class=\"s3\">Sie haben das Recht, Ihre Daten <\/span>einzusehen, zu berichtigen, zu l\u00f6schen, einzuschr\u00e4nken<span class=\"s3\"> oder <\/span>der Verarbeitung zu widersprechen<span class=\"s3\">, Ihr Einverst\u00e4ndnis zu widerrufen sowie eine Beschwerde bei der <\/span>spanischen Datenschutzbeh\u00f6rde (Agencia Espa\u00f1ola de Protecci\u00f3n de Datos, C\/ Jorge Juan 6, 28001 Madrid)<span class=\"s3\"> einzureichen.<\/span><\/p>\n<\/p>\n<p class=\"p3\">Zur Aus\u00fcbung Ihrer Rechte k\u00f6nnen Sie uns per E-Mail an <span class=\"s2\">LOPD@SERVCARRITXO.COM<\/span> oder postalisch an <span class=\"s2\">QUINTA VUELTA, 135, E-07208 ES CARRITXO<\/span> unter dem Betreff \u201eDatenschutz\u201c kontaktieren.<\/p>\n<\/p>\n<p class=\"p3\">SERVCARRITXO S.L. erf\u00fcllt au\u00dferdem das spanische Gesetz 34\/2002 \u00fcber <span class=\"s2\">Dienste der Informationsgesellschaft und des elektronischen Handels<\/span> und wird in jedem Fall Ihr Einverst\u00e4ndnis f\u00fcr kommerzielle E-Mails einholen.<\/p>\n<\/p>\n<p class=\"p1\">\n<hr \/>\n<p>&nbsp;<\/p>\n<p class=\"p1\">\n<h2>5. GEWERBLICHES UND GEISTIGES EIGENTUM<\/h2>\n<p>&nbsp;<\/p>\n<p class=\"p3\">Der Eigent\u00fcmer ist Inhaber aller Rechte an geistigem und gewerblichem Eigentum dieser Website und ihrer Inhalte (Bilder, Ton, Video, Texte, Software, Logos, Farbzusammenstellungen, Design, Struktur usw.).<\/p>\n<\/p>\n<p class=\"p3\">Alle Rechte vorbehalten.<\/p>\n<\/p>\n<p class=\"p3\">Gem\u00e4\u00df den Artikeln 8 und 32.1, Absatz 2 des spanischen Urheberrechtsgesetzes sind <span class=\"s2\">Reproduktion, Verbreitung und \u00f6ffentliche Wiedergabe<\/span> \u2013 einschlie\u00dflich der Zug\u00e4nglichmachung \u2013 ohne Genehmigung von SERVCARRITXO S.L. <span class=\"s2\">strengstens untersagt<\/span>.<\/p>\n<\/p>\n<p class=\"p3\">Der Benutzer verpflichtet sich, die Rechte an geistigem Eigentum zu respektieren und die Inhalte ausschlie\u00dflich f\u00fcr den privaten Gebrauch zu speichern oder zu drucken, nicht aber f\u00fcr kommerzielle Zwecke.<\/p>\n<\/p>\n<p class=\"p1\">\n<hr \/>\n<p>&nbsp;<\/p>\n<p class=\"p1\">\n<h2>6. HAFTUNGSAUSSCHLUSS<\/h2>\n<p>&nbsp;<\/p>\n<p class=\"p3\">SERVCARRITXO S.L. \u00fcbernimmt keine Haftung f\u00fcr Sch\u00e4den jeglicher Art, die z. B. durch <span class=\"s2\">Fehler oder Auslassungen in den Inhalten, Nichtverf\u00fcgbarkeit der Website<\/span> oder <span class=\"s2\">\u00dcbertragung von Viren oder sch\u00e4dlicher Software<\/span> entstehen k\u00f6nnen, obwohl alle technischen Ma\u00dfnahmen zur Vermeidung getroffen wurden.<\/p>\n<\/p>\n<p class=\"p1\">\n<hr \/>\n<p>&nbsp;<\/p>\n<p class=\"p1\">\n<h2>7. \u00c4NDERUNGEN<\/h2>\n<p>&nbsp;<\/p>\n<p class=\"p3\">SERVCARRITXO S.L. beh\u00e4lt sich das Recht vor, jederzeit und ohne Vorank\u00fcndigung \u00c4nderungen an der Website vorzunehmen, einschlie\u00dflich der Inhalte, Dienste und deren Darstellung.<\/p>\n<\/p>\n<p class=\"p1\">\n<hr \/>\n<p>&nbsp;<\/p>\n<p class=\"p1\">\n<h2>8. LINKS (HYPERLINKS)<\/h2>\n<p>&nbsp;<\/p>\n<p class=\"p3\">Falls auf SERVCARRITXO.COM Links zu externen Websites enthalten sind, \u00fcbt SERVCARRITXO S.L. keinerlei Kontrolle \u00fcber deren Inhalte aus und \u00fcbernimmt keine Verantwortung f\u00fcr deren Richtigkeit, Qualit\u00e4t oder Verf\u00fcgbarkeit.<\/p>\n<\/p>\n<p class=\"p3\">Die Aufnahme solcher Links bedeutet <span class=\"s2\">keine Verbindung oder Zusammenarbeit<\/span> mit den jeweiligen Betreibern.<\/p>\n<\/p>\n<p class=\"p3\">Wir empfehlen, die Datenschutzbestimmungen und rechtlichen Hinweise der besuchten Seiten zu pr\u00fcfen.<\/p>\n<\/p>\n<p class=\"p1\">\n<hr \/>\n<p>&nbsp;<\/p>\n<p class=\"p1\">\n<h2>9. RECHT AUF AUSSCHLUSS<\/h2>\n<p>&nbsp;<\/p>\n<p class=\"p3\">SERVCARRITXO S.L. beh\u00e4lt sich das Recht vor, ohne vorherige Ank\u00fcndigung Benutzern den Zugang zur Website oder zu angebotenen Diensten zu verweigern oder zu entziehen, wenn diese gegen die hier genannten Bedingungen versto\u00dfen.<\/p>\n<\/p>\n<p class=\"p1\">\n<hr \/>\n<p>&nbsp;<\/p>\n<p class=\"p1\">\n<h2>10. ALLGEMEINE BESTIMMUNGEN<\/h2>\n<p>&nbsp;<\/p>\n<p class=\"p3\">Ein Versto\u00df gegen diese Bedingungen oder eine missbr\u00e4uchliche Nutzung der Website wird rechtlich verfolgt, wobei SERVCARRITXO S.L. alle zivil- und strafrechtlichen Ma\u00dfnahmen aussch\u00f6pft, die ihr zustehen.<\/p>\n<\/p>\n<p class=\"p1\">\n<hr \/>\n<p>&nbsp;<\/p>\n<p class=\"p1\">\n<h2>11. \u00c4NDERUNG UND G\u00dcLTIGKEIT DER BEDINGUNGEN<\/h2>\n<p>&nbsp;<\/p>\n<p class=\"p3\">SERVCARRITXO S.L. kann diese Bedingungen jederzeit \u00e4ndern.<\/p>\n<\/p>\n<p class=\"p3\">Die G\u00fcltigkeit richtet sich nach der jeweiligen Ver\u00f6ffentlichung und bleibt bestehen, bis sie durch neue, ordnungsgem\u00e4\u00df ver\u00f6ffentlichte Bedingungen ersetzt werden.<\/p>\n<\/p>\n<p class=\"p1\">\n<hr \/>\n<p>&nbsp;<\/p>\n<p class=\"p1\">\n<h2>12. ANWENDBARES RECHT UND GERICHTSSTAND<\/h2>\n<p>&nbsp;<\/p>\n<p class=\"p3\">Das Verh\u00e4ltnis zwischen <span class=\"s2\">SERVCARRITXO S.L.<\/span> und dem Benutzer unterliegt der <span class=\"s2\">geltenden spanischen Gesetzgebung<\/span>, und alle Streitigkeiten werden den <span class=\"s2\">zust\u00e4ndigen Gerichten Spaniens<\/span> vorgelegt.<\/p>\n<\/div><div class=\"fusion-clearfix\"><\/div><\/div><\/div><\/div><\/div>\n","protected":false},"excerpt":{"rendered":"","protected":false},"author":1,"featured_media":0,"parent":0,"menu_order":0,"comment_status":"closed","ping_status":"closed","template":"","meta":{"ngg_post_thumbnail":0,"footnotes":""},"class_list":["post-31","page","type-page","status-publish","hentry"],"_links":{"self":[{"href":"https:\/\/servcarritxo.com\/de\/wp-json\/wp\/v2\/pages\/31","targetHints":{"allow":["GET"]}}],"collection":[{"href":"https:\/\/servcarritxo.com\/de\/wp-json\/wp\/v2\/pages"}],"about":[{"href":"https:\/\/servcarritxo.com\/de\/wp-json\/wp\/v2\/types\/page"}],"author":[{"embeddable":true,"href":"https:\/\/servcarritxo.com\/de\/wp-json\/wp\/v2\/users\/1"}],"replies":[{"embeddable":true,"href":"https:\/\/servcarritxo.com\/de\/wp-json\/wp\/v2\/comments?post=31"}],"version-history":[{"count":4,"href":"https:\/\/servcarritxo.com\/de\/wp-json\/wp\/v2\/pages\/31\/revisions"}],"predecessor-version":[{"id":869,"href":"https:\/\/servcarritxo.com\/de\/wp-json\/wp\/v2\/pages\/31\/revisions\/869"}],"wp:attachment":[{"href":"https:\/\/servcarritxo.com\/de\/wp-json\/wp\/v2\/media?parent=31"}],"curies":[{"name":"wp","href":"https:\/\/api.w.org\/{rel}","templated":true}]}}